{"id":220,"date":"2022-06-03T15:21:42","date_gmt":"2022-06-03T15:21:42","guid":{"rendered":"https:\/\/qlflabs.com\/home\/?page_id=220"},"modified":"2026-03-20T19:52:21","modified_gmt":"2026-03-20T19:52:21","slug":"acreditaciones","status":"publish","type":"page","link":"https:\/\/qlflabs.com\/home\/acreditaciones\/","title":{"rendered":"Acreditaciones"},"content":{"rendered":"<p>[vc_row equal_height=\u00bbyes\u00bb content_placement=\u00bbmiddle\u00bb css=\u00bb.vc_custom_1517639203704{margin-bottom: 0px !important;}\u00bb][vc_column width=\u00bb2\/3&#8243; css=\u00bb.vc_custom_1655487300466{padding-right: 5% !important;padding-left: 6% !important;}\u00bb offset=\u00bbvc_hidden-sm vc_hidden-xs\u00bb][apress_cascading_wrapper][apress_cascading_image image=\u00bb708&#8243; offset_x=\u00bb-50%\u00bb offset_y=\u00bb0%\u00bb image_shadow=\u00bbbox_shadow_enable:disable|shadow_horizontal:4|shadow_vertical:10|shadow_blur:25|shadow_spread:0|box_shadow_color:rgba(0%2C0%2C0%2C0.2)\u00bb][apress_cascading_image image=\u00bb700&#8243; offset_x=\u00bb25%\u00bb offset_y=\u00bb0%\u00bb image_shadow=\u00bbbox_shadow_enable:disable|shadow_horizontal:4|shadow_vertical:10|shadow_blur:25|shadow_spread:0|box_shadow_color:rgba(0%2C0%2C0%2C0.2)\u00bb][apress_cascading_image image=\u00bb709&#8243; offset_x=\u00bb-35%\u00bb offset_y=\u00bb75%\u00bb image_shadow=\u00bbbox_shadow_enable:disable|shadow_horizontal:4|shadow_vertical:10|shadow_blur:25|shadow_spread:0|box_shadow_color:rgba(0%2C0%2C0%2C0.2)\u00bb][\/apress_cascading_wrapper][\/vc_column][vc_column width=\u00bb1\/3&#8243; css=\u00bb.vc_custom_1658442241621{padding-right: 5% !important;padding-left: 4% !important;}\u00bb][apress_heading sub_title=\u00bbPincha y descarga el documento para m\u00e1s detalles.\u00bb content_alignment=\u00bbleft\u00bb enable_delimiter=\u00bb\u00bb color_scheme=\u00bbdesign_your_own\u00bb main_heading_color=\u00bb#333333&#8243; style=\u00bbheading_style1&#8243; title_font_options=\u00bbtag:h2&#8243; subtitle_font_options=\u00bbtag:div\u00bb heading_margin=\u00bbmargin-bottom:30&#8243; subheading_margin=\u00bbmargin-bottom:50&#8243;][\/apress_heading][vc_row_inner][vc_column_inner width=\u00bb1\/2&#8243; css=\u00bb.vc_custom_1656699035646{padding-right: 2% !important;padding-left: 2% !important;}\u00bb][vc_single_image image=\u00bb702&#8243; img_size=\u00bbfull\u00bb alignment=\u00bbcenter\u00bb][vc_single_image image=\u00bb953&#8243;][\/vc_column_inner][vc_column_inner width=\u00bb1\/2&#8243; css=\u00bb.vc_custom_1656699044830{padding-right: 2% !important;padding-left: 2% !important;}\u00bb][vc_single_image image=\u00bb942&#8243; img_size=\u00bbfull\u00bb alignment=\u00bbcenter\u00bb][vc_single_image image=\u00bb956&#8243;][\/vc_column_inner][\/vc_row_inner][\/vc_column][\/vc_row][vc_row equal_height=\u00bbyes\u00bb content_placement=\u00bbmiddle\u00bb css=\u00bb.vc_custom_1517639203704{margin-bottom: 0px !important;}\u00bb][vc_column width=\u00bb1\/2&#8243; css=\u00bb.vc_custom_1655487312752{padding-right: 5% !important;padding-left: 6% !important;}\u00bb offset=\u00bbvc_hidden-sm vc_hidden-xs\u00bb][apress_cascading_wrapper][apress_cascading_image image=\u00bb261&#8243; offset_x=\u00bb75%\u00bb offset_y=\u00bb-100%\u00bb][apress_cascading_image image=\u00bb255&#8243; offset_x=\u00bb90%\u00bb offset_y=\u00bb100%\u00bb][\/apress_cascading_wrapper][\/vc_column][vc_column width=\u00bb1\/2&#8243; css=\u00bb.vc_custom_1655487366737{padding-right: 6% !important;padding-left: 5% !important;}\u00bb][vc_row_inner][vc_column_inner][apress_heading sub_title=\u00bb\u00bb content_alignment=\u00bbleft\u00bb enable_delimiter=\u00bb\u00bb color_scheme=\u00bbdesign_your_own\u00bb main_heading_color=\u00bb#333333&#8243; style=\u00bbheading_style1&#8243; title_font_options=\u00bbtag:h2&#8243; subtitle_font_options=\u00bbtag:div\u00bb heading_margin=\u00bbmargin-bottom:30&#8243; subheading_margin=\u00bbmargin-bottom:50&#8243;]Acreditaciones en Santiago[\/apress_heading][\/vc_column_inner][\/vc_row_inner][vc_row_inner][vc_column_inner width=\u00bb1\/2&#8243;][vc_column_text]<\/p>\n<table>\n<tbody>\n<tr>\n<td><img loading=\"lazy\" decoding=\"async\" class=\"alignnone size-full wp-image-235\" src=\"https:\/\/qlflabs.com\/home\/wp-content\/uploads\/2022\/06\/Grupo-815.png\" alt=\"\" width=\"89\" height=\"104\" \/><\/td>\n<td><strong><strong>INN-LE1440<\/strong><br \/>\n\u00c1rea microbiolog\u00eda:<br \/>\nmuestreo alimentos (SCL)<br \/>\n<a href=\"https:\/\/qlflabs.com\/home\/wp-content\/uploads\/2026\/03\/LE1440 - Santiago - INN Alimentos - V\u00e1lido 16.02.2028 LA FLORIDA.pdf\" target=\"_blank\" rel=\"noopener\">DESCARGAR<\/a> <\/strong><\/td>\n<\/tr>\n<\/tbody>\n<\/table>\n<p>[\/vc_column_text][\/vc_column_inner][vc_column_inner width=\u00bb1\/2&#8243;][vc_column_text]<\/p>\n<table>\n<tbody>\n<tr>\n<td><img loading=\"lazy\" decoding=\"async\" class=\"alignnone size-full wp-image-235\" src=\"https:\/\/qlflabs.com\/home\/wp-content\/uploads\/2022\/06\/Grupo-815.png\" alt=\"\" width=\"89\" height=\"104\" \/><\/td>\n<td>\n<p style=\"text-align: left;\"><strong><strong>ANAB &#8211; Cromatografia, <\/strong><\/strong><strong><strong>Quimica, Microbiologia, Molecular.<\/strong><\/strong><\/p>\n<p><strong><a href=\"https:\/\/qlflabs.com\/home\/wp-content\/uploads\/2025\/11\/AT-3388-Santiago17025-LaFlorida.pdf\" target=\"_blank\" rel=\"noopener\">DESCARGAR<\/a> <\/strong><\/td>\n<\/tr>\n<\/tbody>\n<\/table>\n<p>[\/vc_column_text][\/vc_column_inner][\/vc_row_inner][vc_row_inner][vc_column_inner width=\u00bb1\/2&#8243;][vc_column_text]<\/p>\n<table style=\"height: 226px;\" width=\"242\">\n<tbody>\n<tr>\n<td><img loading=\"lazy\" decoding=\"async\" class=\"alignnone size-full wp-image-235\" src=\"https:\/\/qlflabs.com\/home\/wp-content\/uploads\/2022\/06\/Grupo-815.png\" alt=\"\" width=\"89\" height=\"104\" \/><\/td>\n<td><strong><strong>INN<\/strong>-LE1439<br \/>\n\u00c1rea<br \/>\n<\/strong><strong>Microbiolog\u00eda,<br \/>\n<\/strong><strong>Muestreo en Aguas<br \/>\n<a href=\"https:\/\/qlflabs.com\/home\/wp-content\/uploads\/2026\/03\/LE1439 - Santiago - INN Aguas - V\u00e1lido 16.02.2028 La FLORIDA.pdf\">DESCARGAR<\/a> <\/strong><\/td>\n<\/tr>\n<\/tbody>\n<\/table>\n<p>[\/vc_column_text][\/vc_column_inner][vc_column_inner width=\u00bb1\/2&#8243;][vc_column_text]<\/p>\n<table style=\"height: 173px;\" width=\"246\">\n<tbody>\n<tr>\n<td><img loading=\"lazy\" decoding=\"async\" class=\"alignnone size-full wp-image-235\" src=\"https:\/\/qlflabs.com\/home\/wp-content\/uploads\/2022\/06\/Grupo-815.png\" alt=\"\" width=\"89\" height=\"104\" \/><\/td>\n<td><strong><strong>SAG<\/strong><br \/>\nAn\u00e1lisis en<br \/>\nProductos<br \/>\nExportaci\u00f3n<br \/>\nHortofrut\u00edcolas<br \/>\n<a href=\"https:\/\/qlflabs.com\/home\/wp-content\/uploads\/2022\/11\/Resolucion-Exenta-6586-Convenio-SAG-Productos-exportacion.pdf\">DESCARGAR<\/a> <\/strong><\/td>\n<\/tr>\n<\/tbody>\n<\/table>\n<p>[\/vc_column_text][\/vc_column_inner][\/vc_row_inner][vc_row_inner][vc_column_inner width=\u00bb1\/2&#8243;][vc_column_text]<\/p>\n<table>\n<tbody>\n<tr>\n<td><img loading=\"lazy\" decoding=\"async\" class=\"alignnone size-full wp-image-235\" src=\"https:\/\/qlflabs.com\/home\/wp-content\/uploads\/2022\/06\/Grupo-815.png\" alt=\"\" width=\"89\" height=\"104\" \/><\/td>\n<td><strong><strong>SERNAPESCA SANTIAGO<\/strong><br \/>\nLaboratorio<br \/>\n<a href=\"https:\/\/qlflabs.com\/home\/wp-content\/uploads\/2025\/01\/Sernapesca - Laboratorio Santiago - Qu\u00edmica y Microbiolog\u00eda 06.01.25.pdf\" target=\"_blank\" rel=\"noopener\">DESCARGAR<\/a> <\/strong><\/td>\n<\/tr>\n<\/tbody>\n<\/table>\n<p>[\/vc_column_text][\/vc_column_inner][\/vc_row_inner][vc_row_inner][vc_column_inner width=\u00bb1\/2&#8243;][vc_column_text]<\/p>\n<table>\n<tbody>\n<tr>\n<td><img loading=\"lazy\" decoding=\"async\" class=\"alignnone size-full wp-image-235\" src=\"https:\/\/qlflabs.com\/home\/wp-content\/uploads\/2022\/06\/Grupo-815.png\" alt=\"\" width=\"89\" height=\"104\" \/><\/td>\n<td><strong><strong>INN<\/strong>-LE1441<br \/>\n\u00c1rea microbiolog\u00eda:<br \/>\nmuestreo superficies y<br \/>\notros (SCL)<br \/>\n<a href=\"http:\/\/qlflabs.com\/home\/wp-content\/uploads\/2026\/03\/LE1441 - Santiago - INN Superficies%2C manip%2C ambientes - V\u00e1lido 16.02.2028 LA FLORIDA.pdf\" target=\"_blank\" rel=\"noopener\">DESCARGAR<\/a> <\/strong><\/td>\n<\/tr>\n<\/tbody>\n<\/table>\n<p>[\/vc_column_text][\/vc_column_inner][\/vc_row_inner][vc_column_text]<\/p>\n<table>\n<tbody>\n<tr>\n<td><img loading=\"lazy\" decoding=\"async\" class=\"alignnone size-full wp-image-235\" src=\"https:\/\/qlflabs.com\/home\/wp-content\/uploads\/2022\/06\/Grupo-815.png\" alt=\"\" width=\"89\" height=\"104\" \/><\/td>\n<td><strong><b>ANAB Inspecci\u00f3n 17020\u00a0(SCL)<\/b><\/strong><\/p>\n<p><a href=\"https:\/\/qlflabs.com\/home\/wp-content\/uploads\/2026\/03\/AI-3444 - Santiago 17020 - V\u00e1lido 02.12.2027.pdf\" target=\"_blank\" rel=\"noopener\">DESCARGAR<\/a><\/td>\n<\/tr>\n<\/tbody>\n<\/table>\n<p>[\/vc_column_text][\/vc_column][\/vc_row][vc_row equal_height=\u00bbyes\u00bb content_placement=\u00bbmiddle\u00bb css=\u00bb.vc_custom_1517639203704{margin-bottom: 0px !important;}\u00bb][vc_column width=\u00bb1\/2&#8243; css=\u00bb.vc_custom_1655413930800{padding-right: 5% !important;padding-left: 6% !important;}\u00bb offset=\u00bbvc_hidden-sm vc_hidden-xs\u00bb][apress_cascading_wrapper][apress_cascading_image image=\u00bb223&#8243; offset_x=\u00bb0%\u00bb offset_y=\u00bb-15%\u00bb][apress_cascading_image image=\u00bb247&#8243; offset_x=\u00bb55%\u00bb offset_y=\u00bb100%\u00bb][\/apress_cascading_wrapper][\/vc_column][vc_column width=\u00bb1\/2&#8243; css=\u00bb.vc_custom_1655413922543{padding-right: 6% !important;padding-left: 5% !important;}\u00bb][vc_row_inner][vc_column_inner css=\u00bb.vc_custom_1655412630793{margin-top: 32px !important;}\u00bb][apress_heading sub_title=\u00bb\u00bb content_alignment=\u00bbleft\u00bb enable_delimiter=\u00bb\u00bb color_scheme=\u00bbdesign_your_own\u00bb main_heading_color=\u00bb#333333&#8243; style=\u00bbheading_style1&#8243; title_font_options=\u00bbtag:h2&#8243; subtitle_font_options=\u00bbtag:div\u00bb heading_margin=\u00bbmargin-bottom:30&#8243; subheading_margin=\u00bbmargin-bottom:50&#8243;]Acreditaciones en Concepci\u00f3n[\/apress_heading][\/vc_column_inner][\/vc_row_inner][vc_row_inner][vc_column_inner width=\u00bb1\/2&#8243;][vc_column_text]<\/p>\n<table>\n<tbody>\n<tr>\n<td><img loading=\"lazy\" decoding=\"async\" class=\"alignnone size-full wp-image-235\" src=\"https:\/\/qlflabs.com\/home\/wp-content\/uploads\/2022\/06\/Grupo-815.png\" alt=\"\" width=\"89\" height=\"104\" \/><\/td>\n<td><strong>ANAB<br \/>\nLaboratorio y Muestreo 17025<br \/>\n(CCP)<br \/>\n<a href=\"https:\/\/qlflabs.com\/home\/wp-content\/uploads\/2026\/02\/QLF-17025CertScopeV008.pdf\" target=\"_blank\" rel=\"noopener\">DESCARGAR<\/a> <\/strong><\/td>\n<\/tr>\n<\/tbody>\n<\/table>\n<p>[\/vc_column_text][\/vc_column_inner][vc_column_inner width=\u00bb1\/2&#8243;][vc_column_text]<\/p>\n<table>\n<tbody>\n<tr>\n<td><img loading=\"lazy\" decoding=\"async\" class=\"alignnone size-full wp-image-235\" src=\"https:\/\/qlflabs.com\/home\/wp-content\/uploads\/2022\/06\/Grupo-815.png\" alt=\"\" width=\"89\" height=\"104\" \/><\/td>\n<td><strong>ANAB<br \/>\nInspecci\u00f3n 17020<\/strong><strong> (CCP)<br \/>\n<a href=\"https:\/\/qlflabs.com\/home\/wp-content\/uploads\/2026\/02\/QLF-17020CertScopeV004.pdf\" target=\"_blank\" rel=\"noopener\">DESCARGAR<\/a> <\/strong><\/td>\n<\/tr>\n<\/tbody>\n<\/table>\n<p>[\/vc_column_text][\/vc_column_inner][\/vc_row_inner][vc_row_inner][vc_column_inner width=\u00bb1\/2&#8243;][vc_column_text]<\/p>\n<table>\n<tbody>\n<tr>\n<td><img loading=\"lazy\" decoding=\"async\" class=\"alignnone size-full wp-image-235\" src=\"https:\/\/qlflabs.com\/home\/wp-content\/uploads\/2022\/06\/Grupo-815.png\" alt=\"\" width=\"89\" height=\"104\" \/><\/td>\n<td><strong><strong>SERNAPESCA<\/strong><br \/>\n(CCP)<br \/>\n<\/strong><strong>Reconocimiento<br \/>\n<\/strong><strong>Laboratorio Qualified SpA<br \/>\nSERNAPESCA<br \/>\n<a href=\"https:\/\/qlflabs.com\/home\/wp-content\/uploads\/2025\/08\/Sernapesca-LaboratorioConcepcion-Ago.2025.pdf\" target=\"_blank\" rel=\"noopener\">DESCARGAR<\/a> <\/strong><\/td>\n<\/tr>\n<\/tbody>\n<\/table>\n<p>[\/vc_column_text][\/vc_column_inner][vc_column_inner width=\u00bb1\/2&#8243;][vc_column_text]<\/p>\n<table>\n<tbody>\n<tr>\n<td><img loading=\"lazy\" decoding=\"async\" class=\"alignnone size-full wp-image-235\" src=\"https:\/\/qlflabs.com\/home\/wp-content\/uploads\/2022\/06\/Grupo-815.png\" alt=\"\" width=\"89\" height=\"104\" \/><\/td>\n<td><strong>Reconocimiento Bromatologico<br \/>\n<a href=\"http:\/\/qlflabs.com\/home\/wp-content\/uploads\/2025\/05\/Laboratorio Bromatol\u00f3gico - Reconocimiento Concepci\u00f3n.pdf\" target=\"_blank\" rel=\"noopener\">DESCARGAR<\/a> <\/strong><\/td>\n<\/tr>\n<\/tbody>\n<\/table>\n<p>[\/vc_column_text][\/vc_column_inner][\/vc_row_inner][vc_row_inner][vc_column_inner width=\u00bb1\/2&#8243;][vc_column_text]<\/p>\n<table>\n<tbody>\n<tr>\n<td><img loading=\"lazy\" decoding=\"async\" class=\"alignnone size-full wp-image-235\" src=\"https:\/\/qlflabs.com\/home\/wp-content\/uploads\/2022\/06\/Grupo-815.png\" alt=\"\" width=\"89\" height=\"104\" \/><\/td>\n<td><strong>SERNAPESCA<br \/>\n<\/strong><strong>(CCP)<br \/>\nReconocimiento Entidad<br \/>\nde Muestreo.<br \/>\n<\/strong><strong><a href=\"https:\/\/qlflabs.com\/home\/wp-content\/uploads\/2022\/12\/Reconocimiento-Entidad-de-Muestreo-Sernapesca.pdf\" target=\"_blank\" rel=\"noopener\">DESCARGAR<\/a> <\/strong><\/td>\n<\/tr>\n<\/tbody>\n<\/table>\n<p>[\/vc_column_text][\/vc_column_inner][vc_column_inner width=\u00bb1\/2&#8243;][\/vc_column_inner][\/vc_row_inner][vc_row_inner][vc_column_inner css=\u00bb.vc_custom_1655412681414{margin-top: 32px !important;}\u00bb][apress_heading sub_title=\u00bb\u00bb content_alignment=\u00bbleft\u00bb enable_delimiter=\u00bb\u00bb color_scheme=\u00bbdesign_your_own\u00bb main_heading_color=\u00bb#333333&#8243; style=\u00bbheading_style1&#8243; title_font_options=\u00bbtag:h2&#8243; subtitle_font_options=\u00bbtag:div\u00bb heading_margin=\u00bbmargin-bottom:30&#8243; subheading_margin=\u00bbmargin-bottom:50&#8243;]Acreditaciones en Puerto Montt[\/apress_heading][\/vc_column_inner][vc_column_inner][\/vc_column_inner][\/vc_row_inner][vc_row_inner][vc_column_inner width=\u00bb1\/2&#8243;][vc_column_text]<\/p>\n<table>\n<tbody>\n<tr>\n<td><img loading=\"lazy\" decoding=\"async\" class=\"alignnone size-full wp-image-235\" src=\"https:\/\/qlflabs.com\/home\/wp-content\/uploads\/2022\/06\/Grupo-815.png\" alt=\"\" width=\"89\" height=\"104\" \/><\/td>\n<td><strong><strong>ANAB<\/strong><br \/>\nMicrobiolog\u00eda, Qu\u00edmica, y Cromatograf\u00eda<br \/>\n<a href=\"https:\/\/qlflabs.com\/home\/wp-content\/uploads\/2025\/12\/QLFLABSSpA-Puerto Montt_CertScopeV001.pdf\" target=\"_blank\" rel=\"noopener\">DESCARGAR<\/a> <\/strong><\/td>\n<\/tr>\n<\/tbody>\n<\/table>\n<p>[\/vc_column_text][\/vc_column_inner][\/vc_row_inner][vc_row_inner][vc_column_inner width=\u00bb1\/2&#8243;][vc_column_text]<\/p>\n<table style=\"height: 181px;\" width=\"325\">\n<tbody>\n<tr>\n<td><img loading=\"lazy\" decoding=\"async\" class=\"alignnone wp-image-235\" src=\"https:\/\/qlflabs.com\/home\/wp-content\/uploads\/2022\/06\/Grupo-815.png\" alt=\"\" width=\"94\" height=\"110\" \/><\/td>\n<td><strong><strong>Resoluci\u00f3n Exenta<br \/>\n<\/strong><\/strong><strong><strong>N\u00ba: DN &#8211; 01999\/2022<br \/>\n<\/strong><\/strong><strong><strong>SERNAPESCA<\/strong><br \/>\n<a href=\"https:\/\/qlflabs.com\/home\/wp-content\/uploads\/2024\/06\/Sernapesca-LaboratorioPuertoMontt-Microbiologia.pdf\" target=\"_blank\" rel=\"noopener\">DESCARGAR<\/a> <\/strong><\/td>\n<\/tr>\n<\/tbody>\n<\/table>\n<p>[\/vc_column_text][\/vc_column_inner][\/vc_row_inner][\/vc_column][\/vc_row][vc_row][vc_column][vc_empty_space][\/vc_column][\/vc_row]<\/p>\n","protected":false},"excerpt":{"rendered":"<p>[vc_row equal_height=\u00bbyes\u00bb content_placement=\u00bbmiddle\u00bb css=\u00bb.vc_custom_1517639203704{margin-bottom: 0px !important;}\u00bb][vc_column width=\u00bb2\/3&#8243; css=\u00bb.vc_custom_1655487300466{padding-right: 5% !important;padding-left: 6% !important;}\u00bb offset=\u00bbvc_hidden-sm vc_hidden-xs\u00bb][apress_cascading_wrapper][apress_cascading_image image=\u00bb708&#8243; offset_x=\u00bb-50%\u00bb offset_y=\u00bb0%\u00bb image_shadow=\u00bbbox_shadow_enable:disable|shadow_horizontal:4|shadow_vertical:10|shadow_blur:25|shadow_spread:0|box_shadow_color:rgba(0%2C0%2C0%2C0.2)\u00bb][apress_cascading_image image=\u00bb700&#8243; offset_x=\u00bb25%\u00bb offset_y=\u00bb0%\u00bb image_shadow=\u00bbbox_shadow_enable:disable|shadow_horizontal:4|shadow_vertical:10|shadow_blur:25|shadow_spread:0|box_shadow_color:rgba(0%2C0%2C0%2C0.2)\u00bb][apress_cascading_image image=\u00bb709&#8243; offset_x=\u00bb-35%\u00bb offset_y=\u00bb75%\u00bb image_shadow=\u00bbbox_shadow_enable:disable|shadow_horizontal:4|shadow_vertical:10|shadow_blur:25|shadow_spread:0|box_shadow_color:rgba(0%2C0%2C0%2C0.2)\u00bb][\/apress_cascading_wrapper][\/vc_column][vc_column width=\u00bb1\/3&#8243; css=\u00bb.vc_custom_1658442241621{padding-right: 5% !important;padding-left: 4% !important;}\u00bb][apress_heading sub_title=\u00bbPincha y descarga el documento para m\u00e1s detalles.\u00bb<span class=\"read_more_area\"><a class=\"read-more\" href=\"https:\/\/qlflabs.com\/home\/acreditaciones\/\"> Leer m\u00e1s <\/a><\/span><\/p>\n","protected":false},"author":1,"featured_media":0,"parent":0,"menu_order":0,"comment_status":"closed","ping_status":"closed","template":"template-fullwidth-page.php","meta":{"footnotes":""},"class_list":["post-220","page","type-page","status-publish","hentry"],"yoast_head":"<!-- This site is optimized with the Yoast SEO plugin v23.5 - https:\/\/yoast.com\/wordpress\/plugins\/seo\/ -->\n<title>Acreditaciones - Qlf Labs<\/title>\n<meta name=\"robots\" content=\"index, follow, max-snippet:-1, max-image-preview:large, max-video-preview:-1\" \/>\n<link rel=\"canonical\" href=\"https:\/\/qlflabs.com\/home\/acreditaciones\/\" \/>\n<meta property=\"og:locale\" content=\"es_ES\" \/>\n<meta property=\"og:type\" content=\"article\" \/>\n<meta property=\"og:title\" content=\"Acreditaciones - Qlf Labs\" \/>\n<meta property=\"og:description\" content=\"[vc_row equal_height=\u00bbyes\u00bb content_placement=\u00bbmiddle\u00bb css=\u00bb.vc_custom_1517639203704{margin-bottom: 0px !important;}\u00bb][vc_column width=\u00bb2\/3&#8243; css=\u00bb.vc_custom_1655487300466{padding-right: 5% !important;padding-left: 6% !important;}\u00bb offset=\u00bbvc_hidden-sm vc_hidden-xs\u00bb][apress_cascading_wrapper][apress_cascading_image image=\u00bb708&#8243; offset_x=\u00bb-50%\u00bb offset_y=\u00bb0%\u00bb image_shadow=\u00bbbox_shadow_enable:disable|shadow_horizontal:4|shadow_vertical:10|shadow_blur:25|shadow_spread:0|box_shadow_color:rgba(0%2C0%2C0%2C0.2)\u00bb][apress_cascading_image image=\u00bb700&#8243; offset_x=\u00bb25%\u00bb offset_y=\u00bb0%\u00bb image_shadow=\u00bbbox_shadow_enable:disable|shadow_horizontal:4|shadow_vertical:10|shadow_blur:25|shadow_spread:0|box_shadow_color:rgba(0%2C0%2C0%2C0.2)\u00bb][apress_cascading_image image=\u00bb709&#8243; offset_x=\u00bb-35%\u00bb offset_y=\u00bb75%\u00bb image_shadow=\u00bbbox_shadow_enable:disable|shadow_horizontal:4|shadow_vertical:10|shadow_blur:25|shadow_spread:0|box_shadow_color:rgba(0%2C0%2C0%2C0.2)\u00bb][\/apress_cascading_wrapper][\/vc_column][vc_column width=\u00bb1\/3&#8243; css=\u00bb.vc_custom_1658442241621{padding-right: 5% !important;padding-left: 4% !important;}\u00bb][apress_heading sub_title=\u00bbPincha y descarga el documento para m\u00e1s detalles.\u00bb Leer m\u00e1s\" \/>\n<meta property=\"og:url\" content=\"https:\/\/qlflabs.com\/home\/acreditaciones\/\" \/>\n<meta property=\"og:site_name\" content=\"Qlf Labs\" \/>\n<meta property=\"article:modified_time\" content=\"2026-03-20T19:52:21+00:00\" \/>\n<meta property=\"og:image\" content=\"https:\/\/qlflabs.com\/home\/wp-content\/uploads\/2022\/06\/Grupo-815.png\" \/>\n<meta name=\"twitter:card\" content=\"summary_large_image\" \/>\n<meta name=\"twitter:label1\" content=\"Tiempo de lectura\" \/>\n\t<meta name=\"twitter:data1\" content=\"7 minutos\" \/>\n<script type=\"application\/ld+json\" class=\"yoast-schema-graph\">{\"@context\":\"https:\/\/schema.org\",\"@graph\":[{\"@type\":\"WebPage\",\"@id\":\"https:\/\/qlflabs.com\/home\/acreditaciones\/\",\"url\":\"https:\/\/qlflabs.com\/home\/acreditaciones\/\",\"name\":\"Acreditaciones - Qlf Labs\",\"isPartOf\":{\"@id\":\"https:\/\/qlflabs.com\/home\/#website\"},\"primaryImageOfPage\":{\"@id\":\"https:\/\/qlflabs.com\/home\/acreditaciones\/#primaryimage\"},\"image\":{\"@id\":\"https:\/\/qlflabs.com\/home\/acreditaciones\/#primaryimage\"},\"thumbnailUrl\":\"https:\/\/qlflabs.com\/home\/wp-content\/uploads\/2022\/06\/Grupo-815.png\",\"datePublished\":\"2022-06-03T15:21:42+00:00\",\"dateModified\":\"2026-03-20T19:52:21+00:00\",\"breadcrumb\":{\"@id\":\"https:\/\/qlflabs.com\/home\/acreditaciones\/#breadcrumb\"},\"inLanguage\":\"es\",\"potentialAction\":[{\"@type\":\"ReadAction\",\"target\":[\"https:\/\/qlflabs.com\/home\/acreditaciones\/\"]}]},{\"@type\":\"ImageObject\",\"inLanguage\":\"es\",\"@id\":\"https:\/\/qlflabs.com\/home\/acreditaciones\/#primaryimage\",\"url\":\"https:\/\/qlflabs.com\/home\/wp-content\/uploads\/2022\/06\/Grupo-815.png\",\"contentUrl\":\"https:\/\/qlflabs.com\/home\/wp-content\/uploads\/2022\/06\/Grupo-815.png\",\"width\":89,\"height\":104,\"caption\":\"INN\"},{\"@type\":\"BreadcrumbList\",\"@id\":\"https:\/\/qlflabs.com\/home\/acreditaciones\/#breadcrumb\",\"itemListElement\":[{\"@type\":\"ListItem\",\"position\":1,\"name\":\"Home\",\"item\":\"https:\/\/qlflabs.com\/home\/\"},{\"@type\":\"ListItem\",\"position\":2,\"name\":\"Acreditaciones\"}]},{\"@type\":\"WebSite\",\"@id\":\"https:\/\/qlflabs.com\/home\/#website\",\"url\":\"https:\/\/qlflabs.com\/home\/\",\"name\":\"Qlf Labs\",\"description\":\"Sitio oficial de QLF Labs\",\"potentialAction\":[{\"@type\":\"SearchAction\",\"target\":{\"@type\":\"EntryPoint\",\"urlTemplate\":\"https:\/\/qlflabs.com\/home\/?s={search_term_string}\"},\"query-input\":{\"@type\":\"PropertyValueSpecification\",\"valueRequired\":true,\"valueName\":\"search_term_string\"}}],\"inLanguage\":\"es\"}]}<\/script>\n<!-- \/ Yoast SEO plugin. -->","yoast_head_json":{"title":"Acreditaciones - Qlf Labs","robots":{"index":"index","follow":"follow","max-snippet":"max-snippet:-1","max-image-preview":"max-image-preview:large","max-video-preview":"max-video-preview:-1"},"canonical":"https:\/\/qlflabs.com\/home\/acreditaciones\/","og_locale":"es_ES","og_type":"article","og_title":"Acreditaciones - Qlf Labs","og_description":"[vc_row equal_height=\u00bbyes\u00bb content_placement=\u00bbmiddle\u00bb css=\u00bb.vc_custom_1517639203704{margin-bottom: 0px !important;}\u00bb][vc_column width=\u00bb2\/3&#8243; css=\u00bb.vc_custom_1655487300466{padding-right: 5% !important;padding-left: 6% !important;}\u00bb offset=\u00bbvc_hidden-sm vc_hidden-xs\u00bb][apress_cascading_wrapper][apress_cascading_image image=\u00bb708&#8243; offset_x=\u00bb-50%\u00bb offset_y=\u00bb0%\u00bb image_shadow=\u00bbbox_shadow_enable:disable|shadow_horizontal:4|shadow_vertical:10|shadow_blur:25|shadow_spread:0|box_shadow_color:rgba(0%2C0%2C0%2C0.2)\u00bb][apress_cascading_image image=\u00bb700&#8243; offset_x=\u00bb25%\u00bb offset_y=\u00bb0%\u00bb image_shadow=\u00bbbox_shadow_enable:disable|shadow_horizontal:4|shadow_vertical:10|shadow_blur:25|shadow_spread:0|box_shadow_color:rgba(0%2C0%2C0%2C0.2)\u00bb][apress_cascading_image image=\u00bb709&#8243; offset_x=\u00bb-35%\u00bb offset_y=\u00bb75%\u00bb image_shadow=\u00bbbox_shadow_enable:disable|shadow_horizontal:4|shadow_vertical:10|shadow_blur:25|shadow_spread:0|box_shadow_color:rgba(0%2C0%2C0%2C0.2)\u00bb][\/apress_cascading_wrapper][\/vc_column][vc_column width=\u00bb1\/3&#8243; css=\u00bb.vc_custom_1658442241621{padding-right: 5% !important;padding-left: 4% !important;}\u00bb][apress_heading sub_title=\u00bbPincha y descarga el documento para m\u00e1s detalles.\u00bb Leer m\u00e1s","og_url":"https:\/\/qlflabs.com\/home\/acreditaciones\/","og_site_name":"Qlf Labs","article_modified_time":"2026-03-20T19:52:21+00:00","og_image":[{"url":"https:\/\/qlflabs.com\/home\/wp-content\/uploads\/2022\/06\/Grupo-815.png"}],"twitter_card":"summary_large_image","twitter_misc":{"Tiempo de lectura":"7 minutos"},"schema":{"@context":"https:\/\/schema.org","@graph":[{"@type":"WebPage","@id":"https:\/\/qlflabs.com\/home\/acreditaciones\/","url":"https:\/\/qlflabs.com\/home\/acreditaciones\/","name":"Acreditaciones - Qlf Labs","isPartOf":{"@id":"https:\/\/qlflabs.com\/home\/#website"},"primaryImageOfPage":{"@id":"https:\/\/qlflabs.com\/home\/acreditaciones\/#primaryimage"},"image":{"@id":"https:\/\/qlflabs.com\/home\/acreditaciones\/#primaryimage"},"thumbnailUrl":"https:\/\/qlflabs.com\/home\/wp-content\/uploads\/2022\/06\/Grupo-815.png","datePublished":"2022-06-03T15:21:42+00:00","dateModified":"2026-03-20T19:52:21+00:00","breadcrumb":{"@id":"https:\/\/qlflabs.com\/home\/acreditaciones\/#breadcrumb"},"inLanguage":"es","potentialAction":[{"@type":"ReadAction","target":["https:\/\/qlflabs.com\/home\/acreditaciones\/"]}]},{"@type":"ImageObject","inLanguage":"es","@id":"https:\/\/qlflabs.com\/home\/acreditaciones\/#primaryimage","url":"https:\/\/qlflabs.com\/home\/wp-content\/uploads\/2022\/06\/Grupo-815.png","contentUrl":"https:\/\/qlflabs.com\/home\/wp-content\/uploads\/2022\/06\/Grupo-815.png","width":89,"height":104,"caption":"INN"},{"@type":"BreadcrumbList","@id":"https:\/\/qlflabs.com\/home\/acreditaciones\/#breadcrumb","itemListElement":[{"@type":"ListItem","position":1,"name":"Home","item":"https:\/\/qlflabs.com\/home\/"},{"@type":"ListItem","position":2,"name":"Acreditaciones"}]},{"@type":"WebSite","@id":"https:\/\/qlflabs.com\/home\/#website","url":"https:\/\/qlflabs.com\/home\/","name":"Qlf Labs","description":"Sitio oficial de QLF Labs","potentialAction":[{"@type":"SearchAction","target":{"@type":"EntryPoint","urlTemplate":"https:\/\/qlflabs.com\/home\/?s={search_term_string}"},"query-input":{"@type":"PropertyValueSpecification","valueRequired":true,"valueName":"search_term_string"}}],"inLanguage":"es"}]}},"_links":{"self":[{"href":"https:\/\/qlflabs.com\/home\/wp-json\/wp\/v2\/pages\/220","targetHints":{"allow":["GET"]}}],"collection":[{"href":"https:\/\/qlflabs.com\/home\/wp-json\/wp\/v2\/pages"}],"about":[{"href":"https:\/\/qlflabs.com\/home\/wp-json\/wp\/v2\/types\/page"}],"author":[{"embeddable":true,"href":"https:\/\/qlflabs.com\/home\/wp-json\/wp\/v2\/users\/1"}],"replies":[{"embeddable":true,"href":"https:\/\/qlflabs.com\/home\/wp-json\/wp\/v2\/comments?post=220"}],"version-history":[{"count":165,"href":"https:\/\/qlflabs.com\/home\/wp-json\/wp\/v2\/pages\/220\/revisions"}],"predecessor-version":[{"id":1038,"href":"https:\/\/qlflabs.com\/home\/wp-json\/wp\/v2\/pages\/220\/revisions\/1038"}],"wp:attachment":[{"href":"https:\/\/qlflabs.com\/home\/wp-json\/wp\/v2\/media?parent=220"}],"curies":[{"name":"wp","href":"https:\/\/api.w.org\/{rel}","templated":true}]}}