{"id":103,"date":"2018-02-12T16:56:01","date_gmt":"2018-02-12T16:56:01","guid":{"rendered":"http:\/\/apressthemes.com\/demo76\/?page_id=98"},"modified":"2026-02-23T21:49:44","modified_gmt":"2026-02-23T21:49:44","slug":"nosotros","status":"publish","type":"page","link":"https:\/\/qlflabs.com\/home\/nosotros\/","title":{"rendered":"Nosotros"},"content":{"rendered":"<p>[vc_row equal_height=\u00bbyes\u00bb content_placement=\u00bbmiddle\u00bb css=\u00bb.vc_custom_1517639203704{margin-bottom: 0px !important;}\u00bb][vc_column css=\u00bb.vc_custom_1655150204277{padding-right: 6% !important;padding-left: 6% !important;}\u00bb][vc_empty_space][apress_heading sub_title=\u00bb\u00bb content_alignment=\u00bbleft\u00bb enable_delimiter=\u00bb\u00bb color_scheme=\u00bbdesign_your_own\u00bb main_heading_color=\u00bb#004f58&#8243; style=\u00bbheading_style1&#8243; title_font_options=\u00bbtag:h2&#8243; subtitle_font_options=\u00bbtag:div\u00bb heading_margin=\u00bbmargin-bottom:30&#8243; subheading_margin=\u00bbmargin-bottom:50&#8243;]Siempre estamos buscando oportunidades para estar donde nadie antes se ha atrevido. Somos creadores, nos gusta expandir horizontes, superando nuestros \u00e9xitos. Para eso imaginamos, desarrollamos y abrimos mundos de forma \u00fanica.[\/apress_heading][vc_empty_space][vc_row_inner][vc_column_inner width=\u00bb1\/3&#8243;][apress_heading sub_title=\u00bb\u201cResguardar la calidad e inocuidad de los alimentos y la salud de las personas\u201d\u00bb content_alignment=\u00bbleft\u00bb enable_delimiter=\u00bb\u00bb color_scheme=\u00bbdesign_your_own\u00bb main_heading_color=\u00bb#004a54&#8243; style=\u00bbheading_style1&#8243; title_font_options=\u00bbtag:h2&#8243; subtitle_font_options=\u00bbtag:div|color:%23004a54&#8243; heading_margin=\u00bbmargin-bottom:30&#8243; subheading_margin=\u00bbmargin-bottom:50&#8243;]Prop\u00f3sito[\/apress_heading][\/vc_column_inner][vc_column_inner width=\u00bb1\/3&#8243;][apress_heading sub_title=\u00bb\u201cSomos una red integrada de laboratorios comprometidos con la salud, proporcionando servicios de an\u00e1lisis de inocuidad, calidad y ambientales, asesorando a nuestros clientes en toda su cadena de valor\u201d\u00bb content_alignment=\u00bbleft\u00bb enable_delimiter=\u00bb\u00bb color_scheme=\u00bbdesign_your_own\u00bb main_heading_color=\u00bb#004a54&#8243; style=\u00bbheading_style1&#8243; title_font_options=\u00bbtag:h2&#8243; subtitle_font_options=\u00bbtag:div|color:%23004a54&#8243; heading_margin=\u00bbmargin-bottom:30&#8243; subheading_margin=\u00bbmargin-bottom:50&#8243;]Qui\u00e9nes Somos[\/apress_heading][\/vc_column_inner][vc_column_inner width=\u00bb1\/3&#8243;][apress_heading sub_title=\u00bb\u201cSer l\u00edderes y referentes en la excelencia de servicios de an\u00e1lisis, entregando soluciones innovadoras y oportunas a los requerimientos cambiantes del ecosistema alimentario mundial\u201d.\u00bb content_alignment=\u00bbleft\u00bb enable_delimiter=\u00bb\u00bb color_scheme=\u00bbdesign_your_own\u00bb main_heading_color=\u00bb#004a54&#8243; style=\u00bbheading_style1&#8243; title_font_options=\u00bbtag:h2&#8243; subtitle_font_options=\u00bbtag:div|color:%23004a54&#8243; heading_margin=\u00bbmargin-bottom:30&#8243; subheading_margin=\u00bbmargin-bottom:50&#8243;]Nuestros Sue\u00f1os[\/apress_heading][\/vc_column_inner][\/vc_row_inner][vc_empty_space][vc_row_inner][vc_column_inner width=\u00bb1\/3&#8243;][apress_heading sub_title=\u00bb\u201cAcompa\u00f1ando de forma proactiva a nuestros clientes, adelant\u00e1ndonos a los cambios de escenario de la industria y orient\u00e1ndolos para el \u00e9xito de sus negocios\u201d\u00bb content_alignment=\u00bbleft\u00bb enable_delimiter=\u00bb\u00bb color_scheme=\u00bbdesign_your_own\u00bb main_heading_color=\u00bb#004a54&#8243; style=\u00bbheading_style1&#8243; title_font_options=\u00bbtag:h2&#8243; subtitle_font_options=\u00bbtag:div|color:%23004a54&#8243; heading_margin=\u00bbmargin-bottom:30&#8243; subheading_margin=\u00bbmargin-bottom:50&#8243;]Centrado en el Cliente[\/apress_heading][\/vc_column_inner][vc_column_inner width=\u00bb1\/3&#8243;][apress_heading sub_title=\u00bbRapidez, asertividad y accesibilidad, de forma simple, en todos los procesos de toma de decisi\u00f3n, colaborando en la gesti\u00f3n de recursos claves de nuestros clientes.\u00bb content_alignment=\u00bbleft\u00bb enable_delimiter=\u00bb\u00bb color_scheme=\u00bbdesign_your_own\u00bb main_heading_color=\u00bb#004a54&#8243; style=\u00bbheading_style1&#8243; title_font_options=\u00bbtag:h2&#8243; subtitle_font_options=\u00bbtag:div|color:%23004a54&#8243; heading_margin=\u00bbmargin-bottom:30&#8243; subheading_margin=\u00bbmargin-bottom:50&#8243;]Agilidad y Eficiencia[\/apress_heading][\/vc_column_inner][vc_column_inner width=\u00bb1\/3&#8243;][apress_heading sub_title=\u00bbApreciamos el valor de cada persona en s\u00ed misma y la diversidad de los equipos de trabajo.\u00bb content_alignment=\u00bbleft\u00bb enable_delimiter=\u00bb\u00bb color_scheme=\u00bbdesign_your_own\u00bb main_heading_color=\u00bb#004a54&#8243; style=\u00bbheading_style1&#8243; title_font_options=\u00bbtag:h2&#8243; subtitle_font_options=\u00bbtag:div|color:%23004a54&#8243; heading_margin=\u00bbmargin-bottom:30&#8243; subheading_margin=\u00bbmargin-bottom:50&#8243;]Compromiso Social[\/apress_heading][\/vc_column_inner][\/vc_row_inner][vc_empty_space][\/vc_column][\/vc_row][vc_row full_width=\u00bbstretch_row\u00bb parallax=\u00bbcontent-moving\u00bb parallax_image=\u00bb299&#8243; css=\u00bb.vc_custom_1655141768600{padding-top: 50px !important;padding-bottom: 100px !important;background-color: #262626 !important;}\u00bb][vc_column css=\u00bb.vc_custom_1655150230407{padding-right: 6% !important;padding-left: 6% !important;}\u00bb][vc_empty_space height=\u00bb55px\u00bb][apress_heading sub_title=\u00bbNuestra Historia\u00bb content_alignment=\u00bbleft\u00bb enable_delimiter=\u00bb\u00bb color_scheme=\u00bbdesign_your_own\u00bb main_heading_color=\u00bb#ffffff\u00bb style=\u00bbheading_style2&#8243; title_font_options=\u00bbtag:h2&#8243; subtitle_font_options=\u00bbtag:div|color:%23ffffff\u00bb heading_margin=\u00bbmargin-bottom:30&#8243; subheading_margin=\u00bbmargin-bottom:50&#8243;]Fundada el a\u00f1o 2014, QLF Labs (Grupo QUALIFIED) es una empresa de origen nacional, dedicada a la prestaci\u00f3n de servicios de an\u00e1lisis de laboratorio (microbiol\u00f3gicos, qu\u00edmicos y cromatogr\u00e1ficos), inspecci\u00f3n y muestreo, en la Industria de Alimentos. Contamos tambi\u00e9n con un \u00e1rea de I+D y un moderno laboratorio de Biolog\u00eda Molecular especializada en an\u00e1lisis COVID-19 en personas y superficies.[\/apress_heading][vc_empty_space height=\u00bb55px\u00bb][\/vc_column][\/vc_row][vc_row css=\u00bb.vc_custom_1517638943691{padding-top: 50px !important;padding-bottom: 50px !important;}\u00bb][vc_column css=\u00bb.vc_custom_1655150242200{padding-right: 6% !important;padding-left: 6% !important;}\u00bb][vc_empty_space height=\u00bb75px\u00bb][vc_row_inner][vc_column_inner width=\u00bb1\/3&#8243;][vc_column_text]<\/p>\n<h2>SANTIAGO<\/h2>\n<p>Colombia 10413, La Florida[\/vc_column_text][\/vc_column_inner][vc_column_inner width=\u00bb1\/3&#8243;][vc_column_text]<\/p>\n<h2>CONCEPCI\u00d3N<\/h2>\n<p>Manuel Rodriguez n\u00b0 645,<br \/>\nSan Pedro de la Paz<\/p>\n<p>[\/vc_column_text][\/vc_column_inner][vc_column_inner width=\u00bb1\/3&#8243;][vc_column_text]<\/p>\n<h2>PUERTO MONTT<\/h2>\n<p>Guillermo Gallardo 565,<br \/>\nPuerto Montt[\/vc_column_text][\/vc_column_inner][\/vc_row_inner][vc_single_image image=\u00bb690&#8243; img_size=\u00bbfull\u00bb][\/vc_column][\/vc_row]<\/p>\n","protected":false},"excerpt":{"rendered":"<p>[vc_row equal_height=\u00bbyes\u00bb content_placement=\u00bbmiddle\u00bb css=\u00bb.vc_custom_1517639203704{margin-bottom: 0px !important;}\u00bb][vc_column css=\u00bb.vc_custom_1655150204277{padding-right: 6% !important;padding-left: 6% !important;}\u00bb][vc_empty_space][apress_heading sub_title=\u00bb\u00bb content_alignment=\u00bbleft\u00bb enable_delimiter=\u00bb\u00bb color_scheme=\u00bbdesign_your_own\u00bb main_heading_color=\u00bb#004f58&#8243; style=\u00bbheading_style1&#8243; title_font_options=\u00bbtag:h2&#8243; subtitle_font_options=\u00bbtag:div\u00bb heading_margin=\u00bbmargin-bottom:30&#8243; subheading_margin=\u00bbmargin-bottom:50&#8243;]Siempre estamos buscando oportunidades para estar donde nadie antes se ha atrevido. Somos creadores, nos gusta expandir horizontes, superando nuestros<span class=\"read_more_area\"><a class=\"read-more\" href=\"https:\/\/qlflabs.com\/home\/nosotros\/\"> Leer m\u00e1s <\/a><\/span><\/p>\n","protected":false},"author":1,"featured_media":0,"parent":0,"menu_order":0,"comment_status":"closed","ping_status":"closed","template":"template-fullwidth-page.php","meta":{"footnotes":""},"class_list":["post-103","page","type-page","status-publish","hentry"],"yoast_head":"<!-- This site is optimized with the Yoast SEO plugin v23.5 - https:\/\/yoast.com\/wordpress\/plugins\/seo\/ -->\n<title>Nosotros - Qlf Labs<\/title>\n<meta name=\"robots\" content=\"index, follow, max-snippet:-1, max-image-preview:large, max-video-preview:-1\" \/>\n<link rel=\"canonical\" href=\"https:\/\/qlflabs.com\/home\/nosotros\/\" \/>\n<meta property=\"og:locale\" content=\"es_ES\" \/>\n<meta property=\"og:type\" content=\"article\" \/>\n<meta property=\"og:title\" content=\"Nosotros - Qlf Labs\" \/>\n<meta property=\"og:description\" content=\"[vc_row equal_height=\u00bbyes\u00bb content_placement=\u00bbmiddle\u00bb css=\u00bb.vc_custom_1517639203704{margin-bottom: 0px !important;}\u00bb][vc_column css=\u00bb.vc_custom_1655150204277{padding-right: 6% !important;padding-left: 6% !important;}\u00bb][vc_empty_space][apress_heading sub_title=\u00bb\u00bb content_alignment=\u00bbleft\u00bb enable_delimiter=\u00bb\u00bb color_scheme=\u00bbdesign_your_own\u00bb main_heading_color=\u00bb#004f58&#8243; style=\u00bbheading_style1&#8243; title_font_options=\u00bbtag:h2&#8243; subtitle_font_options=\u00bbtag:div\u00bb heading_margin=\u00bbmargin-bottom:30&#8243; subheading_margin=\u00bbmargin-bottom:50&#8243;]Siempre estamos buscando oportunidades para estar donde nadie antes se ha atrevido. Somos creadores, nos gusta expandir horizontes, superando nuestros Leer m\u00e1s\" \/>\n<meta property=\"og:url\" content=\"https:\/\/qlflabs.com\/home\/nosotros\/\" \/>\n<meta property=\"og:site_name\" content=\"Qlf Labs\" \/>\n<meta property=\"article:modified_time\" content=\"2026-02-23T21:49:44+00:00\" \/>\n<meta name=\"twitter:card\" content=\"summary_large_image\" \/>\n<meta name=\"twitter:label1\" content=\"Tiempo de lectura\" \/>\n\t<meta name=\"twitter:data1\" content=\"2 minutos\" \/>\n<script type=\"application\/ld+json\" class=\"yoast-schema-graph\">{\"@context\":\"https:\/\/schema.org\",\"@graph\":[{\"@type\":\"WebPage\",\"@id\":\"https:\/\/qlflabs.com\/home\/nosotros\/\",\"url\":\"https:\/\/qlflabs.com\/home\/nosotros\/\",\"name\":\"Nosotros - Qlf Labs\",\"isPartOf\":{\"@id\":\"https:\/\/qlflabs.com\/home\/#website\"},\"datePublished\":\"2018-02-12T16:56:01+00:00\",\"dateModified\":\"2026-02-23T21:49:44+00:00\",\"breadcrumb\":{\"@id\":\"https:\/\/qlflabs.com\/home\/nosotros\/#breadcrumb\"},\"inLanguage\":\"es\",\"potentialAction\":[{\"@type\":\"ReadAction\",\"target\":[\"https:\/\/qlflabs.com\/home\/nosotros\/\"]}]},{\"@type\":\"BreadcrumbList\",\"@id\":\"https:\/\/qlflabs.com\/home\/nosotros\/#breadcrumb\",\"itemListElement\":[{\"@type\":\"ListItem\",\"position\":1,\"name\":\"Home\",\"item\":\"https:\/\/qlflabs.com\/home\/\"},{\"@type\":\"ListItem\",\"position\":2,\"name\":\"Nosotros\"}]},{\"@type\":\"WebSite\",\"@id\":\"https:\/\/qlflabs.com\/home\/#website\",\"url\":\"https:\/\/qlflabs.com\/home\/\",\"name\":\"Qlf Labs\",\"description\":\"Sitio oficial de QLF Labs\",\"potentialAction\":[{\"@type\":\"SearchAction\",\"target\":{\"@type\":\"EntryPoint\",\"urlTemplate\":\"https:\/\/qlflabs.com\/home\/?s={search_term_string}\"},\"query-input\":{\"@type\":\"PropertyValueSpecification\",\"valueRequired\":true,\"valueName\":\"search_term_string\"}}],\"inLanguage\":\"es\"}]}<\/script>\n<!-- \/ Yoast SEO plugin. -->","yoast_head_json":{"title":"Nosotros - Qlf Labs","robots":{"index":"index","follow":"follow","max-snippet":"max-snippet:-1","max-image-preview":"max-image-preview:large","max-video-preview":"max-video-preview:-1"},"canonical":"https:\/\/qlflabs.com\/home\/nosotros\/","og_locale":"es_ES","og_type":"article","og_title":"Nosotros - Qlf Labs","og_description":"[vc_row equal_height=\u00bbyes\u00bb content_placement=\u00bbmiddle\u00bb css=\u00bb.vc_custom_1517639203704{margin-bottom: 0px !important;}\u00bb][vc_column css=\u00bb.vc_custom_1655150204277{padding-right: 6% !important;padding-left: 6% !important;}\u00bb][vc_empty_space][apress_heading sub_title=\u00bb\u00bb content_alignment=\u00bbleft\u00bb enable_delimiter=\u00bb\u00bb color_scheme=\u00bbdesign_your_own\u00bb main_heading_color=\u00bb#004f58&#8243; style=\u00bbheading_style1&#8243; title_font_options=\u00bbtag:h2&#8243; subtitle_font_options=\u00bbtag:div\u00bb heading_margin=\u00bbmargin-bottom:30&#8243; subheading_margin=\u00bbmargin-bottom:50&#8243;]Siempre estamos buscando oportunidades para estar donde nadie antes se ha atrevido. Somos creadores, nos gusta expandir horizontes, superando nuestros Leer m\u00e1s","og_url":"https:\/\/qlflabs.com\/home\/nosotros\/","og_site_name":"Qlf Labs","article_modified_time":"2026-02-23T21:49:44+00:00","twitter_card":"summary_large_image","twitter_misc":{"Tiempo de lectura":"2 minutos"},"schema":{"@context":"https:\/\/schema.org","@graph":[{"@type":"WebPage","@id":"https:\/\/qlflabs.com\/home\/nosotros\/","url":"https:\/\/qlflabs.com\/home\/nosotros\/","name":"Nosotros - Qlf Labs","isPartOf":{"@id":"https:\/\/qlflabs.com\/home\/#website"},"datePublished":"2018-02-12T16:56:01+00:00","dateModified":"2026-02-23T21:49:44+00:00","breadcrumb":{"@id":"https:\/\/qlflabs.com\/home\/nosotros\/#breadcrumb"},"inLanguage":"es","potentialAction":[{"@type":"ReadAction","target":["https:\/\/qlflabs.com\/home\/nosotros\/"]}]},{"@type":"BreadcrumbList","@id":"https:\/\/qlflabs.com\/home\/nosotros\/#breadcrumb","itemListElement":[{"@type":"ListItem","position":1,"name":"Home","item":"https:\/\/qlflabs.com\/home\/"},{"@type":"ListItem","position":2,"name":"Nosotros"}]},{"@type":"WebSite","@id":"https:\/\/qlflabs.com\/home\/#website","url":"https:\/\/qlflabs.com\/home\/","name":"Qlf Labs","description":"Sitio oficial de QLF Labs","potentialAction":[{"@type":"SearchAction","target":{"@type":"EntryPoint","urlTemplate":"https:\/\/qlflabs.com\/home\/?s={search_term_string}"},"query-input":{"@type":"PropertyValueSpecification","valueRequired":true,"valueName":"search_term_string"}}],"inLanguage":"es"}]}},"_links":{"self":[{"href":"https:\/\/qlflabs.com\/home\/wp-json\/wp\/v2\/pages\/103","targetHints":{"allow":["GET"]}}],"collection":[{"href":"https:\/\/qlflabs.com\/home\/wp-json\/wp\/v2\/pages"}],"about":[{"href":"https:\/\/qlflabs.com\/home\/wp-json\/wp\/v2\/types\/page"}],"author":[{"embeddable":true,"href":"https:\/\/qlflabs.com\/home\/wp-json\/wp\/v2\/users\/1"}],"replies":[{"embeddable":true,"href":"https:\/\/qlflabs.com\/home\/wp-json\/wp\/v2\/comments?post=103"}],"version-history":[{"count":30,"href":"https:\/\/qlflabs.com\/home\/wp-json\/wp\/v2\/pages\/103\/revisions"}],"predecessor-version":[{"id":1035,"href":"https:\/\/qlflabs.com\/home\/wp-json\/wp\/v2\/pages\/103\/revisions\/1035"}],"wp:attachment":[{"href":"https:\/\/qlflabs.com\/home\/wp-json\/wp\/v2\/media?parent=103"}],"curies":[{"name":"wp","href":"https:\/\/api.w.org\/{rel}","templated":true}]}}