{"id":102,"date":"2018-02-02T12:56:41","date_gmt":"2018-02-02T12:56:41","guid":{"rendered":"http:\/\/apressthemes.com\/demo76\/?page_id=6"},"modified":"2026-05-14T14:39:44","modified_gmt":"2026-05-14T14:39:44","slug":"home","status":"publish","type":"page","link":"https:\/\/qlflabs.com\/home\/","title":{"rendered":"Home"},"content":{"rendered":"<p>[vc_row equal_height=\u00bbyes\u00bb content_placement=\u00bbmiddle\u00bb header_row_height=\u00bb300&#8243; css=\u00bb.vc_custom_1654637993699{margin-bottom: 0px !important;}\u00bb][vc_column width=\u00bb2\/3&#8243; css=\u00bb.vc_custom_1655158349385{padding-right: 5% !important;padding-left: 6% !important;}\u00bb][apress_heading sub_title=\u00bb\u00bb content_alignment=\u00bbleft\u00bb enable_delimiter=\u00bb\u00bb color_scheme=\u00bbdesign_your_own\u00bb main_heading_color=\u00bb#333333&#8243; style=\u00bbheading_style1&#8243; title_font_options=\u00bbtag:h2&#8243; subtitle_font_options=\u00bbtag:div\u00bb heading_margin=\u00bbmargin-bottom:30&#8243; subheading_margin=\u00bbmargin-bottom:50&#8243;]\u201cUna red de laboratorios para los requerimientos actuales y futuros de la industria\u201d[\/apress_heading]<div class=\"apress-spacer spacer-6a0944cd635d3\" data-id=\"6a0944cd635d3\" data-height=\"32\" data-height-mobile=\"15\" data-height-tab=\"20\" data-height-tab-portrait=\"20\" data-height-mobile-landscape=\"15\" style=\"clear:both;display:block;\"><\/div>[\/vc_column][vc_column width=\u00bb1\/3&#8243; css=\u00bb.vc_custom_1655158414938{padding-right: 6% !important;padding-left: 5% !important;}\u00bb][apress_heading sub_title=\u00bbDonde se respira un esp\u00edritu abierto, curioso e inclusivo, y donde las personas est\u00e1n al centro y sus l\u00edmites se ampl\u00edan junto con nosotros.\u00bb content_alignment=\u00bbleft\u00bb enable_delimiter=\u00bb\u00bb color_scheme=\u00bbdesign_your_own\u00bb main_heading_color=\u00bb#333333&#8243; style=\u00bbheading_style1&#8243; title_font_options=\u00bbtag:h2&#8243; subtitle_font_options=\u00bbtag:div\u00bb heading_margin=\u00bbmargin-bottom:30&#8243; subheading_margin=\u00bbmargin-bottom:50&#8243;][\/apress_heading][\/vc_column][\/vc_row][vc_row css=\u00bb.vc_custom_1517638943691{padding-top: 50px !important;padding-bottom: 50px !important;}\u00bb][vc_column css=\u00bb.vc_custom_1655158433751{margin-top: 4% !important;margin-bottom: 4% !important;padding-right: 6% !important;padding-left: 6% !important;}\u00bb][vc_row_inner][vc_column_inner align=\u00bbtext-center\u00bb width=\u00bb1\/5&#8243; css=\u00bb.vc_custom_1655944039642{padding-top: 5% !important;padding-right: 1% !important;padding-left: 1% !important;}\u00bb][apress_expanding_image image=\u00bb554&#8243; img_size=\u00bblarge\u00bb alignment=\u00bbcenter\u00bb onclick=\u00bbcustom_link\u00bb max_width=\u00bb100%\u00bb link=\u00bb#\u00bb][vc_empty_space][apress_button button_text=\u00bbFood\u00bb button_border_color_for_style5=\u00bb#7ddbc2&#8243; button_hover_border_color_for_style5=\u00bb#00a9a6&#8243; button_alignment=\u00bbcenter\u00bb button_text_color=\u00bb#004a54&#8243; button_text_color_h=\u00bb#004a54&#8243; button_shape=\u00bbstyle5&#8243; button_link=\u00bburl:%23servicios\u00bb][\/vc_column_inner][vc_column_inner align=\u00bbtext-center\u00bb width=\u00bb1\/5&#8243; css=\u00bb.vc_custom_1655759967377{padding-top: 5% !important;padding-right: 1% !important;padding-left: 1% !important;}\u00bb][apress_expanding_image image=\u00bb637&#8243; img_size=\u00bblarge\u00bb alignment=\u00bbcenter\u00bb onclick=\u00bbcustom_link\u00bb max_width=\u00bb100%\u00bb link=\u00bb#\u00bb][vc_empty_space][apress_button button_text=\u00bbFeed\u00bb button_border_color_for_style5=\u00bb#7ddbc2&#8243; button_hover_border_color_for_style5=\u00bb#00a9a6&#8243; button_alignment=\u00bbcenter\u00bb button_text_color=\u00bb#004a54&#8243; button_text_color_h=\u00bb#004a54&#8243; button_shape=\u00bbstyle5&#8243; button_link=\u00bburl:%23servicios\u00bb][\/vc_column_inner][vc_column_inner align=\u00bbtext-center\u00bb width=\u00bb1\/5&#8243; css=\u00bb.vc_custom_1655760005560{padding-top: 5% !important;padding-right: 1% !important;padding-left: 1% !important;}\u00bb][apress_expanding_image image=\u00bb556&#8243; img_size=\u00bblarge\u00bb alignment=\u00bbcenter\u00bb onclick=\u00bbcustom_link\u00bb max_width=\u00bb100%\u00bb link=\u00bb#\u00bb][vc_empty_space][apress_button button_text=\u00bbAgro\u00bb button_border_color_for_style5=\u00bb#7ddbc2&#8243; button_hover_border_color_for_style5=\u00bb#00a9a6&#8243; button_alignment=\u00bbcenter\u00bb button_text_color=\u00bb#004a54&#8243; button_text_color_h=\u00bb#004a54&#8243; button_shape=\u00bbstyle5&#8243; button_link=\u00bburl:%23servicios\u00bb][\/vc_column_inner][vc_column_inner width=\u00bb1\/5&#8243; css=\u00bb.vc_custom_1655760019310{margin-top: 5% !important;padding-right: 1% !important;padding-left: 1% !important;}\u00bb][apress_expanding_image image=\u00bb557&#8243; img_size=\u00bblarge\u00bb alignment=\u00bbcenter\u00bb onclick=\u00bbcustom_link\u00bb max_width=\u00bb100%\u00bb link=\u00bb#\u00bb][vc_empty_space][apress_button button_text=\u00bbAqua\u00bb button_border_color_for_style5=\u00bb#7ddbc2&#8243; button_hover_border_color_for_style5=\u00bb#00a9a6&#8243; button_alignment=\u00bbcenter\u00bb button_text_color=\u00bb#004a54&#8243; button_text_color_h=\u00bb#004a54&#8243; button_shape=\u00bbstyle5&#8243; button_link=\u00bburl:%23servicios\u00bb][\/vc_column_inner][vc_column_inner width=\u00bb1\/5&#8243; css=\u00bb.vc_custom_1655944051705{margin-top: 5% !important;padding-right: 1% !important;padding-left: 1% !important;}\u00bb][apress_expanding_image image=\u00bb558&#8243; img_size=\u00bblarge\u00bb alignment=\u00bbcenter\u00bb onclick=\u00bbcustom_link\u00bb max_width=\u00bb100%\u00bb link=\u00bb#\u00bb][vc_empty_space][apress_button button_text=\u00bbAguas\u00bb button_border_color_for_style5=\u00bb#7ddbc2&#8243; button_hover_border_color_for_style5=\u00bb#00a9a6&#8243; button_alignment=\u00bbcenter\u00bb button_text_color=\u00bb#004a54&#8243; button_text_color_h=\u00bb#004a54&#8243; button_shape=\u00bbstyle5&#8243; button_link=\u00bburl:%23servicios\u00bb][\/vc_column_inner][\/vc_row_inner][\/vc_column][\/vc_row][vc_row row_text_color=\u00bblight\u00bb full_width=\u00bbstretch_row\u00bb parallax=\u00bbcontent-moving\u00bb parallax_image=\u00bb299&#8243; header_row_height=\u00bb800&#8243; css=\u00bb.vc_custom_1656534473927{padding-top: 50px !important;padding-bottom: 100px !important;background-color: #262626 !important;}\u00bb el_id=\u00bbservicios\u00bb][vc_column col_text_alignment=\u00bbtext-left\u00bb width=\u00bb1\/4&#8243; css=\u00bb.vc_custom_1655400127664{margin-top: 32px !important;margin-bottom: 32px !important;padding-left: 6% !important;}\u00bb][apress_heading sub_title=\u00bb\u00bb content_alignment=\u00bbleft\u00bb enable_delimiter=\u00bb\u00bb color_scheme=\u00bbdesign_your_own\u00bb main_heading_color=\u00bb#fcfcfc\u00bb style=\u00bbheading_style1&#8243; title_font_options=\u00bbtag:h2&#8243; subtitle_font_options=\u00bbtag:div\u00bb heading_margin=\u00bbmargin-bottom:30&#8243; subheading_margin=\u00bbmargin-bottom:50&#8243;]<\/p>\n<p style=\"text-align: left;\">\u201cServicios de la mano de la experiencia para industrias exigentes y din\u00e1micas\u201d<\/p>\n<p>[\/apress_heading][vc_empty_space height=\u00bb62px\u00bb][apress_button button_text=\u00bbTodos los Servicios\u00bb color_scheme=\u00bbdesign_your_own\u00bb button_bg_color=\u00bb#7ddbc2&#8243; button_bg_color_h=\u00bb#00a9a6&#8243; button_border_color=\u00bb#7ddbc2&#8243; button_border_color_h=\u00bb#00a9a6&#8243; button_size=\u00bbmedium\u00bb button_alignment=\u00bbleft\u00bb button_text_color=\u00bb#004a54&#8243; button_text_color_h=\u00bb#004a54&#8243; button_shape=\u00bbround\u00bb button_link=\u00bburl:https%3A%2F%2Fqlflabs.com%2Fhome%2Fservicios%2F|title:Servicios\u00bb][\/vc_column][vc_column width=\u00bb1\/4&#8243; css=\u00bb.vc_custom_1655906464600{margin-top: 15px !important;margin-bottom: 32px !important;padding-right: 3% !important;padding-left: 4% !important;}\u00bb][vc_empty_space height=\u00bb62px\u00bb][vc_raw_html]JTVCcG9wdXBfYW55dGhpbmclMjBpZCUzRCUyMjQzMiUyMiU1RA==[\/vc_raw_html][vc_empty_space height=\u00bb15px\u00bb][vc_raw_html]JTVCcG9wdXBfYW55dGhpbmclMjBpZCUzRCUyMjQzNCUyMiU1RA==[\/vc_raw_html][vc_empty_space height=\u00bb15px\u00bb][vc_raw_html]JTVCcG9wdXBfYW55dGhpbmclMjBpZCUzRCUyMjQzNSUyMiU1RA==[\/vc_raw_html][vc_empty_space height=\u00bb15px\u00bb][vc_raw_html]JTVCcG9wdXBfYW55dGhpbmclMjBpZCUzRCUyMjQzNiUyMiU1RA==[\/vc_raw_html][\/vc_column][vc_column width=\u00bb1\/4&#8243; css=\u00bb.vc_custom_1655906477824{margin-top: 15px !important;margin-bottom: 32px !important;padding-right: 3% !important;padding-left: 4% !important;}\u00bb][vc_empty_space height=\u00bb62px\u00bb][vc_raw_html]JTVCcG9wdXBfYW55dGhpbmclMjBpZCUzRCUyMjQyNSUyMiU1RA==[\/vc_raw_html][vc_empty_space height=\u00bb15px\u00bb][vc_raw_html]JTVCcG9wdXBfYW55dGhpbmclMjBpZCUzRCUyMjQzOCUyMiU1RA==[\/vc_raw_html][vc_empty_space height=\u00bb15px\u00bb][vc_raw_html]JTVCcG9wdXBfYW55dGhpbmclMjBpZCUzRCUyMjQzOSUyMiU1RA==[\/vc_raw_html][vc_empty_space height=\u00bb15px\u00bb][vc_raw_html]JTVCcG9wdXBfYW55dGhpbmclMjBpZCUzRCUyMjQ0MCUyMiU1RA==[\/vc_raw_html][\/vc_column][vc_column width=\u00bb1\/4&#8243; css=\u00bb.vc_custom_1655906491207{margin-top: 15px !important;margin-bottom: 32px !important;padding-right: 6% !important;padding-left: 4% !important;}\u00bb][vc_empty_space height=\u00bb62px\u00bb][vc_raw_html]JTVCcG9wdXBfYW55dGhpbmclMjBpZCUzRCUyMjQ0MiUyMiU1RA==[\/vc_raw_html][vc_empty_space height=\u00bb15px\u00bb][vc_raw_html]JTVCcG9wdXBfYW55dGhpbmclMjBpZCUzRCUyMjQ0MyUyMiU1RA==[\/vc_raw_html][vc_empty_space height=\u00bb15px\u00bb][vc_raw_html]JTVCcG9wdXBfYW55dGhpbmclMjBpZCUzRCUyMjQ0NCUyMiU1RA==[\/vc_raw_html][vc_empty_space height=\u00bb15px\u00bb][vc_raw_html]JTVCcG9wdXBfYW55dGhpbmclMjBpZCUzRCUyMjQ0NSUyMiU1RA==[\/vc_raw_html][\/vc_column][\/vc_row][vc_row content_placement=\u00bbmiddle\u00bb parallax=\u00bbcontent-moving\u00bb parallax_image=\u00bb130&#8243; header_row_height=\u00bb700&#8243;][vc_column css=\u00bb.vc_custom_1672422361845{margin-top: 6% !important;margin-bottom: 6% !important;padding-right: 6% !important;padding-left: 6% !important;}\u00bb][vc_empty_space height=\u00bb72px\u00bb][vc_row_inner][vc_column_inner width=\u00bb1\/2&#8243;][apress_heading sub_title=\u00bb\u00bb content_alignment=\u00bbleft\u00bb enable_delimiter=\u00bb\u00bb color_scheme=\u00bbdesign_your_own\u00bb main_heading_color=\u00bb#ffffff\u00bb style=\u00bbheading_style1&#8243; title_font_options=\u00bbtag:h2&#8243; subtitle_font_options=\u00bbtag:div|color:%23ffffff\u00bb heading_margin=\u00bbmargin-bottom:30&#8243; subheading_margin=\u00bbmargin-bottom:50&#8243;]<\/p>\n<p style=\"text-align: left;\">I+D<\/p>\n<p>[\/apress_heading][vc_column_text]<\/p>\n<p style=\"color: #ffffff;\"><span style=\"color: #ffffff;\">Nuestra vocaci\u00f3n por el \u00e9xito de las personas, se manifiesta en una calidad de servicio que siempre destaca sobre la industria por su rapidez y eficiencia; en la experimentaci\u00f3n y b\u00fasqueda constante de nuevos desaf\u00edos, conocimientos y tecnolog\u00edas que nos permitan mantenernos a la vanguardia para un desarrollo industrial competitivo, sustentable e inclusivo.<\/span><\/p>\n<p style=\"color: #ffffff;\"><span style=\"color: #ffffff;\">Contamos con profesionales especializados, con gran experiencia y doctorados o maestr\u00edas en distintas disciplinas.<\/span><\/p>\n<p>[\/vc_column_text][vc_column_text]<span style=\"color: #ffffff;\">CALIDAD.<\/span><\/p>\n<p>&nbsp;<\/p>\n<p><span style=\"color: #ffffff;\">En el \u00e1rea de Calidad,los resultados emitidos<\/span><br \/>\n<span style=\"color: #ffffff;\">deben cumplir con los est\u00e1ndares exigidos por el cliente, los procedimientos internos y la normativa nacional e internacional vigente.<\/span><\/p>\n<p><span style=\"color: #ffffff;\">La atenci\u00f3n personalizada y el seguimiento constante de los Reclamos, no conformidades y todos los requerimientos relacionados a la calidad de nuestros servicios, junto con las auditor\u00edas internas y ensayos de Inter laboratorio, son los que d\u00eda a d\u00eda hacen la diferencia, para conocer el diagrama de tratamiento de reclamos, hacer clic en: <a style=\"color: #ffffff;\" href=\"https:\/\/qlflabs.com\/home\/wp-content\/uploads\/2024\/05\/PGQ-014Reclamos-SugerenciasyApelacionesEd08(Ene-2024)-DiagramadeFlujo.pdf\" target=\"_blank\" rel=\"noopener\">DESCARGAR<\/a><\/span>[\/vc_column_text][\/vc_column_inner][\/vc_row_inner][vc_empty_space height=\u00bb62px\u00bb][\/vc_column][\/vc_row][vc_row equal_height=\u00bbyes\u00bb content_placement=\u00bbmiddle\u00bb css=\u00bb.vc_custom_1517645679387{padding-top: 100px !important;padding-bottom: 100px !important;}\u00bb][vc_column width=\u00bb1\/3&#8243; css=\u00bb.vc_custom_1655150931966{padding-right: 5% !important;padding-left: 6% !important;}\u00bb][apress_heading sub_title=\u00bb\u00bb content_alignment=\u00bbleft\u00bb enable_delimiter=\u00bb\u00bb color_scheme=\u00bbdesign_your_own\u00bb main_heading_color=\u00bb#333333&#8243; style=\u00bbheading_style1&#8243; title_font_options=\u00bbtag:h2&#8243; subtitle_font_options=\u00bbtag:div\u00bb heading_margin=\u00bbmargin-bottom:30&#8243; subheading_margin=\u00bbmargin-bottom:50&#8243;]QLF LABS<br \/>\nActualidad[\/apress_heading][vc_empty_space height=\u00bb52px\u00bb][apress_button button_text=\u00bbTodos las Noticias\u00bb color_scheme=\u00bbdesign_your_own\u00bb button_bg_color=\u00bb#7ddbc2&#8243; button_bg_color_h=\u00bb#00a9a6&#8243; button_border_color=\u00bb#7ddbc2&#8243; button_border_color_h=\u00bb#00a9a6&#8243; button_size=\u00bbmedium\u00bb button_alignment=\u00bbleft\u00bb button_text_color=\u00bb#004a54&#8243; button_text_color_h=\u00bb#004a54&#8243; button_shape=\u00bbround\u00bb][\/vc_column][vc_column width=\u00bb2\/3&#8243; css=\u00bb.vc_custom_1655150942287{padding-right: 6% !important;padding-left: 5% !important;}\u00bb][apress_blog_carousel category=\u00bball\u00bb num=\u00bb6&#8243; blgcrslcolprw=\u00bbTwo\u00bb style=\u00bbstyle1&#8243;][\/vc_column][\/vc_row][vc_row css=\u00bb.vc_custom_1629805245812{padding-bottom: 100px !important;}\u00bb][vc_column width=\u00bb1\/2&#8243; css=\u00bb.vc_custom_1655158544188{padding-right: 5% !important;padding-left: 6% !important;}\u00bb][apress_heading sub_title=\u00bbDejanos tus comentarios y a la brevedad nos pondremos en contacto para resolver tus inquietudes o comentarios.\u00bb content_alignment=\u00bbleft\u00bb enable_delimiter=\u00bb\u00bb color_scheme=\u00bbdesign_your_own\u00bb main_heading_color=\u00bb#333333&#8243; style=\u00bbheading_style1&#8243; title_font_options=\u00bbtag:h2&#8243; subtitle_font_options=\u00bbtag:div\u00bb heading_margin=\u00bbmargin-bottom:30&#8243; subheading_margin=\u00bbmargin-bottom:50&#8243;]Cont\u00e1ctanos[\/apress_heading][\/vc_column][vc_column width=\u00bb1\/2&#8243; css=\u00bb.vc_custom_1655150959430{padding-right: 6% !important;padding-left: 5% !important;}\u00bb]<div role=\"form\" class=\"wpcf7\" id=\"wpcf7-f6-o1\" lang=\"es-ES\" dir=\"ltr\">\n<div class=\"screen-reader-response\"><p role=\"status\" aria-live=\"polite\" aria-atomic=\"true\"><\/p> <ul><\/ul><\/div>\n<form action=\"\/home\/wp-json\/wp\/v2\/pages\/102#wpcf7-f6-o1\" method=\"post\" class=\"wpcf7-form init\" novalidate=\"novalidate\" data-status=\"init\">\n<div style=\"display: none;\">\n<input type=\"hidden\" name=\"_wpcf7\" value=\"6\" \/>\n<input type=\"hidden\" name=\"_wpcf7_version\" value=\"5.6.4\" \/>\n<input type=\"hidden\" name=\"_wpcf7_locale\" value=\"es_ES\" \/>\n<input type=\"hidden\" name=\"_wpcf7_unit_tag\" value=\"wpcf7-f6-o1\" \/>\n<input type=\"hidden\" name=\"_wpcf7_container_post\" value=\"0\" \/>\n<input type=\"hidden\" name=\"_wpcf7_posted_data_hash\" value=\"\" \/>\n<\/div>\n<p><label> Asunto<br \/>\n    <span class=\"wpcf7-form-control-wrap\" data-name=\"Asunto\"><select name=\"Asunto\" class=\"wpcf7-form-control wpcf7-select\" aria-invalid=\"false\"><option value=\"Servicio al cliente\">Servicio al cliente<\/option><option value=\"Asistencia comercial\">Asistencia comercial<\/option><option value=\"Asistencia t\u00e9cnica\">Asistencia t\u00e9cnica<\/option><\/select><\/span> <\/label><\/p>\n<p><label> Nombre*<br \/>\n    <span class=\"wpcf7-form-control-wrap\" data-name=\"your-name\"><input type=\"text\" name=\"your-name\" value=\"\" size=\"40\" class=\"wpcf7-form-control wpcf7-text wpcf7-validates-as-required\" aria-required=\"true\" aria-invalid=\"false\" \/><\/span> <\/label><\/p>\n<p><label> Email*<br \/>\n    <span class=\"wpcf7-form-control-wrap\" data-name=\"your-email\"><input type=\"email\" name=\"your-email\" value=\"\" size=\"40\" class=\"wpcf7-form-control wpcf7-text wpcf7-email wpcf7-validates-as-required wpcf7-validates-as-email\" aria-required=\"true\" aria-invalid=\"false\" \/><\/span> <\/label><\/p>\n<p><label> Tel\u00e9fono*<br \/>\n<span class=\"wpcf7-form-control-wrap\" data-name=\"telefono\"><input type=\"tel\" name=\"telefono\" value=\"\" size=\"40\" class=\"wpcf7-form-control wpcf7-text wpcf7-tel wpcf7-validates-as-required wpcf7-validates-as-tel\" aria-required=\"true\" aria-invalid=\"false\" \/><\/span> <\/label><\/p>\n<p><label> Mensaje*<br \/>\n    <span class=\"wpcf7-form-control-wrap\" data-name=\"your-message\"><textarea name=\"your-message\" cols=\"40\" rows=\"10\" class=\"wpcf7-form-control wpcf7-textarea wpcf7-validates-as-required\" aria-required=\"true\" aria-invalid=\"false\"><\/textarea><\/span> <\/label><\/p>\n<p><input type=\"submit\" value=\"Enviar\" class=\"wpcf7-form-control has-spinner wpcf7-submit\" \/><\/p>\n<p style=\"display: none !important;\"><label>&#916;<textarea name=\"_wpcf7_ak_hp_textarea\" cols=\"45\" rows=\"8\" maxlength=\"100\"><\/textarea><\/label><input type=\"hidden\" id=\"ak_js_1\" name=\"_wpcf7_ak_js\" value=\"234\"\/><script>document.getElementById( \"ak_js_1\" ).setAttribute( \"value\", ( new Date() ).getTime() );<\/script><\/p><div class=\"wpcf7-response-output\" aria-hidden=\"true\"><\/div><\/form><\/div>[\/vc_column][\/vc_row][vc_row][vc_column][vc_wp_text]<a href=\"http:\/\/qlflabs.com\/home\/wp-content\/uploads\/2026\/04\/Terminos y Condiciones QLF Labs actualizada 2026.pdf\">T\u00e9rminos y Condiciones<\/a>[\/vc_wp_text][vc_wp_text]<a href=\"http:\/\/qlflabs.com\/home\/wp-content\/uploads\/2026\/03\/Co\u00ecdigo de E\u00ectica QLF Labs V1.pdf\">C\u00f3digo de \u00c9tica<\/a>[\/vc_wp_text][\/vc_column][\/vc_row]<\/p>\n","protected":false},"excerpt":{"rendered":"<p>[vc_row equal_height=\u00bbyes\u00bb content_placement=\u00bbmiddle\u00bb header_row_height=\u00bb300&#8243; css=\u00bb.vc_custom_1654637993699{margin-bottom: 0px !important;}\u00bb][vc_column width=\u00bb2\/3&#8243; css=\u00bb.vc_custom_1655158349385{padding-right: 5% !important;padding-left: 6% !important;}\u00bb][apress_heading sub_title=\u00bb\u00bb content_alignment=\u00bbleft\u00bb enable_delimiter=\u00bb\u00bb color_scheme=\u00bbdesign_your_own\u00bb main_heading_color=\u00bb#333333&#8243; style=\u00bbheading_style1&#8243; title_font_options=\u00bbtag:h2&#8243; subtitle_font_options=\u00bbtag:div\u00bb heading_margin=\u00bbmargin-bottom:30&#8243; subheading_margin=\u00bbmargin-bottom:50&#8243;]\u201cUna red de laboratorios para los requerimientos actuales y futuros de la industria\u201d[\/apress_heading][\/vc_column][vc_column width=\u00bb1\/3&#8243; css=\u00bb.vc_custom_1655158414938{padding-right: 6% !important;padding-left: 5%<span class=\"read_more_area\"><a class=\"read-more\" href=\"https:\/\/qlflabs.com\/home\/\"> Leer m\u00e1s <\/a><\/span><\/p>\n","protected":false},"author":1,"featured_media":0,"parent":0,"menu_order":0,"comment_status":"closed","ping_status":"closed","template":"template-fullwidth-page.php","meta":{"footnotes":""},"class_list":["post-102","page","type-page","status-publish","hentry"],"yoast_head":"<!-- This site is optimized with the Yoast SEO plugin v23.5 - https:\/\/yoast.com\/wordpress\/plugins\/seo\/ -->\n<title>Home - Qlf Labs<\/title>\n<meta name=\"robots\" content=\"index, follow, max-snippet:-1, max-image-preview:large, max-video-preview:-1\" \/>\n<link rel=\"canonical\" href=\"https:\/\/qlflabs.com\/home\/\" \/>\n<meta property=\"og:locale\" content=\"es_ES\" \/>\n<meta property=\"og:type\" content=\"article\" \/>\n<meta property=\"og:title\" content=\"Home - Qlf Labs\" \/>\n<meta property=\"og:description\" content=\"[vc_row equal_height=\u00bbyes\u00bb content_placement=\u00bbmiddle\u00bb header_row_height=\u00bb300&#8243; css=\u00bb.vc_custom_1654637993699{margin-bottom: 0px !important;}\u00bb][vc_column width=\u00bb2\/3&#8243; css=\u00bb.vc_custom_1655158349385{padding-right: 5% !important;padding-left: 6% !important;}\u00bb][apress_heading sub_title=\u00bb\u00bb content_alignment=\u00bbleft\u00bb enable_delimiter=\u00bb\u00bb color_scheme=\u00bbdesign_your_own\u00bb main_heading_color=\u00bb#333333&#8243; style=\u00bbheading_style1&#8243; title_font_options=\u00bbtag:h2&#8243; subtitle_font_options=\u00bbtag:div\u00bb heading_margin=\u00bbmargin-bottom:30&#8243; subheading_margin=\u00bbmargin-bottom:50&#8243;]\u201cUna red de laboratorios para los requerimientos actuales y futuros de la industria\u201d[\/apress_heading][\/vc_column][vc_column width=\u00bb1\/3&#8243; css=\u00bb.vc_custom_1655158414938{padding-right: 6% !important;padding-left: 5% Leer m\u00e1s\" \/>\n<meta property=\"og:url\" content=\"https:\/\/qlflabs.com\/home\/\" \/>\n<meta property=\"og:site_name\" content=\"Qlf Labs\" \/>\n<meta property=\"article:modified_time\" content=\"2026-05-14T14:39:44+00:00\" \/>\n<meta name=\"twitter:card\" content=\"summary_large_image\" \/>\n<meta name=\"twitter:label1\" content=\"Tiempo de lectura\" \/>\n\t<meta name=\"twitter:data1\" content=\"5 minutos\" \/>\n<script type=\"application\/ld+json\" class=\"yoast-schema-graph\">{\"@context\":\"https:\/\/schema.org\",\"@graph\":[{\"@type\":\"WebPage\",\"@id\":\"https:\/\/qlflabs.com\/home\/\",\"url\":\"https:\/\/qlflabs.com\/home\/\",\"name\":\"Home - Qlf Labs\",\"isPartOf\":{\"@id\":\"https:\/\/qlflabs.com\/home\/#website\"},\"datePublished\":\"2018-02-02T12:56:41+00:00\",\"dateModified\":\"2026-05-14T14:39:44+00:00\",\"breadcrumb\":{\"@id\":\"https:\/\/qlflabs.com\/home\/#breadcrumb\"},\"inLanguage\":\"es\",\"potentialAction\":[{\"@type\":\"ReadAction\",\"target\":[\"https:\/\/qlflabs.com\/home\/\"]}]},{\"@type\":\"BreadcrumbList\",\"@id\":\"https:\/\/qlflabs.com\/home\/#breadcrumb\",\"itemListElement\":[{\"@type\":\"ListItem\",\"position\":1,\"name\":\"Home\",\"item\":\"https:\/\/qlflabs.com\/home\/\"},{\"@type\":\"ListItem\",\"position\":2,\"name\":\"Home\"}]},{\"@type\":\"WebSite\",\"@id\":\"https:\/\/qlflabs.com\/home\/#website\",\"url\":\"https:\/\/qlflabs.com\/home\/\",\"name\":\"Qlf Labs\",\"description\":\"Sitio oficial de QLF Labs\",\"potentialAction\":[{\"@type\":\"SearchAction\",\"target\":{\"@type\":\"EntryPoint\",\"urlTemplate\":\"https:\/\/qlflabs.com\/home\/?s={search_term_string}\"},\"query-input\":{\"@type\":\"PropertyValueSpecification\",\"valueRequired\":true,\"valueName\":\"search_term_string\"}}],\"inLanguage\":\"es\"}]}<\/script>\n<!-- \/ Yoast SEO plugin. -->","yoast_head_json":{"title":"Home - Qlf Labs","robots":{"index":"index","follow":"follow","max-snippet":"max-snippet:-1","max-image-preview":"max-image-preview:large","max-video-preview":"max-video-preview:-1"},"canonical":"https:\/\/qlflabs.com\/home\/","og_locale":"es_ES","og_type":"article","og_title":"Home - Qlf Labs","og_description":"[vc_row equal_height=\u00bbyes\u00bb content_placement=\u00bbmiddle\u00bb header_row_height=\u00bb300&#8243; css=\u00bb.vc_custom_1654637993699{margin-bottom: 0px !important;}\u00bb][vc_column width=\u00bb2\/3&#8243; css=\u00bb.vc_custom_1655158349385{padding-right: 5% !important;padding-left: 6% !important;}\u00bb][apress_heading sub_title=\u00bb\u00bb content_alignment=\u00bbleft\u00bb enable_delimiter=\u00bb\u00bb color_scheme=\u00bbdesign_your_own\u00bb main_heading_color=\u00bb#333333&#8243; style=\u00bbheading_style1&#8243; title_font_options=\u00bbtag:h2&#8243; subtitle_font_options=\u00bbtag:div\u00bb heading_margin=\u00bbmargin-bottom:30&#8243; subheading_margin=\u00bbmargin-bottom:50&#8243;]\u201cUna red de laboratorios para los requerimientos actuales y futuros de la industria\u201d[\/apress_heading][\/vc_column][vc_column width=\u00bb1\/3&#8243; css=\u00bb.vc_custom_1655158414938{padding-right: 6% !important;padding-left: 5% Leer m\u00e1s","og_url":"https:\/\/qlflabs.com\/home\/","og_site_name":"Qlf Labs","article_modified_time":"2026-05-14T14:39:44+00:00","twitter_card":"summary_large_image","twitter_misc":{"Tiempo de lectura":"5 minutos"},"schema":{"@context":"https:\/\/schema.org","@graph":[{"@type":"WebPage","@id":"https:\/\/qlflabs.com\/home\/","url":"https:\/\/qlflabs.com\/home\/","name":"Home - Qlf Labs","isPartOf":{"@id":"https:\/\/qlflabs.com\/home\/#website"},"datePublished":"2018-02-02T12:56:41+00:00","dateModified":"2026-05-14T14:39:44+00:00","breadcrumb":{"@id":"https:\/\/qlflabs.com\/home\/#breadcrumb"},"inLanguage":"es","potentialAction":[{"@type":"ReadAction","target":["https:\/\/qlflabs.com\/home\/"]}]},{"@type":"BreadcrumbList","@id":"https:\/\/qlflabs.com\/home\/#breadcrumb","itemListElement":[{"@type":"ListItem","position":1,"name":"Home","item":"https:\/\/qlflabs.com\/home\/"},{"@type":"ListItem","position":2,"name":"Home"}]},{"@type":"WebSite","@id":"https:\/\/qlflabs.com\/home\/#website","url":"https:\/\/qlflabs.com\/home\/","name":"Qlf Labs","description":"Sitio oficial de QLF Labs","potentialAction":[{"@type":"SearchAction","target":{"@type":"EntryPoint","urlTemplate":"https:\/\/qlflabs.com\/home\/?s={search_term_string}"},"query-input":{"@type":"PropertyValueSpecification","valueRequired":true,"valueName":"search_term_string"}}],"inLanguage":"es"}]}},"_links":{"self":[{"href":"https:\/\/qlflabs.com\/home\/wp-json\/wp\/v2\/pages\/102","targetHints":{"allow":["GET"]}}],"collection":[{"href":"https:\/\/qlflabs.com\/home\/wp-json\/wp\/v2\/pages"}],"about":[{"href":"https:\/\/qlflabs.com\/home\/wp-json\/wp\/v2\/types\/page"}],"author":[{"embeddable":true,"href":"https:\/\/qlflabs.com\/home\/wp-json\/wp\/v2\/users\/1"}],"replies":[{"embeddable":true,"href":"https:\/\/qlflabs.com\/home\/wp-json\/wp\/v2\/comments?post=102"}],"version-history":[{"count":211,"href":"https:\/\/qlflabs.com\/home\/wp-json\/wp\/v2\/pages\/102\/revisions"}],"predecessor-version":[{"id":1059,"href":"https:\/\/qlflabs.com\/home\/wp-json\/wp\/v2\/pages\/102\/revisions\/1059"}],"wp:attachment":[{"href":"https:\/\/qlflabs.com\/home\/wp-json\/wp\/v2\/media?parent=102"}],"curies":[{"name":"wp","href":"https:\/\/api.w.org\/{rel}","templated":true}]}}